{"id":25102,"date":"2023-03-22T15:04:43","date_gmt":"2023-03-22T10:04:43","guid":{"rendered":"https:\/\/hblamc.troutinc.net\/%d9%88%db%8c%d9%84%db%8c%d9%88-%d8%a7%db%8c%da%88%da%88-%d8%b3%d8%b1%d9%88%d8%b3%d8%b2\/"},"modified":"2025-06-18T12:30:43","modified_gmt":"2025-06-18T07:30:43","slug":"%d9%88%db%8c%d9%84%db%8c%d9%88-%d8%a7%db%8c%da%88%da%88-%d8%b3%d8%b1%d9%88%d8%b3%d8%b2","status":"publish","type":"page","link":"https:\/\/hblamc.troutinc.net\/ur\/%d9%88%db%8c%d9%84%db%8c%d9%88-%d8%a7%db%8c%da%88%da%88-%d8%b3%d8%b1%d9%88%d8%b3%d8%b2\/","title":{"rendered":"\u00d9\u02c6\u00db\u0152\u00d9\u201e\u00db\u0152\u00d9\u02c6 \u00d8\u00a7\u00db\u0152\u00da\u02c6\u00da\u02c6 \u00d8\u00b3\u00d8\u00b1\u00d9\u02c6\u00d8\u00b3\u00d8\u00b2"},"content":{"rendered":"\t\t<div data-elementor-type=\"wp-page\" data-elementor-id=\"25102\" class=\"elementor elementor-25102 elementor-9122\" data-elementor-settings=\"{&quot;element_pack_global_tooltip_width&quot;:{&quot;unit&quot;:&quot;px&quot;,&quot;size&quot;:&quot;&quot;,&quot;sizes&quot;:[]},&quot;element_pack_global_tooltip_width_tablet&quot;:{&quot;unit&quot;:&quot;px&quot;,&quot;size&quot;:&quot;&quot;,&quot;sizes&quot;:[]},&quot;element_pack_global_tooltip_width_mobile&quot;:{&quot;unit&quot;:&quot;px&quot;,&quot;size&quot;:&quot;&quot;,&quot;sizes&quot;:[]},&quot;element_pack_global_tooltip_padding&quot;:{&quot;unit&quot;:&quot;px&quot;,&quot;top&quot;:&quot;&quot;,&quot;right&quot;:&quot;&quot;,&quot;bottom&quot;:&quot;&quot;,&quot;left&quot;:&quot;&quot;,&quot;isLinked&quot;:true},&quot;element_pack_global_tooltip_padding_tablet&quot;:{&quot;unit&quot;:&quot;px&quot;,&quot;top&quot;:&quot;&quot;,&quot;right&quot;:&quot;&quot;,&quot;bottom&quot;:&quot;&quot;,&quot;left&quot;:&quot;&quot;,&quot;isLinked&quot;:true},&quot;element_pack_global_tooltip_padding_mobile&quot;:{&quot;unit&quot;:&quot;px&quot;,&quot;top&quot;:&quot;&quot;,&quot;right&quot;:&quot;&quot;,&quot;bottom&quot;:&quot;&quot;,&quot;left&quot;:&quot;&quot;,&quot;isLinked&quot;:true},&quot;element_pack_global_tooltip_border_radius&quot;:{&quot;unit&quot;:&quot;px&quot;,&quot;top&quot;:&quot;&quot;,&quot;right&quot;:&quot;&quot;,&quot;bottom&quot;:&quot;&quot;,&quot;left&quot;:&quot;&quot;,&quot;isLinked&quot;:true},&quot;element_pack_global_tooltip_border_radius_tablet&quot;:{&quot;unit&quot;:&quot;px&quot;,&quot;top&quot;:&quot;&quot;,&quot;right&quot;:&quot;&quot;,&quot;bottom&quot;:&quot;&quot;,&quot;left&quot;:&quot;&quot;,&quot;isLinked&quot;:true},&quot;element_pack_global_tooltip_border_radius_mobile&quot;:{&quot;unit&quot;:&quot;px&quot;,&quot;top&quot;:&quot;&quot;,&quot;right&quot;:&quot;&quot;,&quot;bottom&quot;:&quot;&quot;,&quot;left&quot;:&quot;&quot;,&quot;isLinked&quot;:true}}\" data-elementor-post-type=\"page\">\n\t\t\t\t\t\t<section class=\"elementor-section elementor-top-section elementor-element elementor-element-c61285c elementor-section-boxed elementor-section-height-default elementor-section-height-default\" data-id=\"c61285c\" data-element_type=\"section\">\n\t\t\t\t\t\t<div class=\"elementor-container elementor-column-gap-default\">\n\t\t\t\t\t<div class=\"elementor-column elementor-col-100 elementor-top-column elementor-element elementor-element-058af74\" data-id=\"058af74\" data-element_type=\"column\">\n\t\t\t<div class=\"elementor-widget-wrap elementor-element-populated\">\n\t\t\t\t\t\t<div class=\"elementor-element elementor-element-c3eb856 elementor-widget__width-initial elementor-widget elementor-widget-text-editor\" data-id=\"c3eb856\" data-element_type=\"widget\" data-widget_type=\"text-editor.default\">\n\t\t\t\t<div class=\"elementor-widget-container\">\n\t\t\t\t\t\t\t\t\t<h4 data-start=\"82\" data-end=\"99\">\u0627\u06cc\u0633 \u0627\u06cc\u0645 \u0627\u06cc\u0633 \u0633\u0631\u0648\u0633\u0632<\/h4><p data-start=\"101\" data-end=\"255\">\u06c1\u0645\u0627\u0631\u06cc \u0627\u06cc\u0633 \u0627\u06cc\u0645 \u0627\u06cc\u0633 \u0633\u0631\u0648\u0633* \u06a9\u06d2 \u0633\u0627\u062a\u06be\u060c \u0622\u067e \u0627\u067e\u0646\u06cc \u0632\u06a9\u0648\u0670\u06c3 \u06a9\u06cc \u062d\u06cc\u062b\u06cc\u062a \u0627\u0648\u0631 \u0633\u0631\u0645\u0627\u06cc\u06c1 \u06a9\u0627\u0631\u06cc \u0627\u06a9\u0627\u0624\u0646\u0679 \u0633\u06d2 \u0645\u062a\u0639\u0644\u0642 \u0645\u0639\u0644\u0648\u0645\u0627\u062a \u062a\u06a9 \u0631\u0633\u0627\u0626\u06cc \u062d\u0627\u0635\u0644 \u06a9\u0631 \u0633\u06a9\u062a\u06d2 \u06c1\u06cc\u06ba\u06d4 \u0628\u0633 &quot;9300&#8221; \u067e\u0631 \u0627\u06cc\u06a9 SMS \u0628\u06be\u06cc\u062c\u06cc\u06ba \u0627\u0648\u0631 \u0622\u067e \u0627\u0633 \u06a9\u06d2 \u0628\u0627\u0631\u06d2 \u0645\u06cc\u06ba \u0686\u06cc\u06a9 \u06a9\u0631 \u0633\u06a9\u062a\u06d2 \u06c1\u06cc\u06ba:<\/p><p data-start=\"257\" data-end=\"382\"><strong data-start=\"257\" data-end=\"277\">\u0633\u0631\u0645\u0627\u06cc\u06c1 \u06a9\u0627\u0631\u06cc \u06a9\u06cc \u0642\u062f\u0631<\/strong><br data-start=\"277\" data-end=\"280\">\u0627\u067e\u0646\u06d2 \u0627\u0646\u0648\u06cc\u0633\u0679\u0645\u0646\u0679 \u0627\u06a9\u0627\u0624\u0646\u0679 \u06a9\u0627 \u0628\u06cc\u0644\u0646\u0633 \u0686\u06cc\u06a9 \u06a9\u0631\u06cc\u06ba\u06d4 <strong data-start=\"319\" data-end=\"382\">\u0628\u0633 &quot;BAL&#8221; \u0679\u0627\u0626\u067e \u06a9\u0631\u06cc\u06ba\u06d4&lt; \u062c\u06af\u06c1&gt;&lt; \u0641\u0648\u0644\u06cc\u0648 \u0646\u0645\u0628\u0631&gt; \u0627\u0648\u0631 &quot;9300&#8221; \u067e\u0631 \u0628\u06be\u06cc\u062c\u06cc\u06ba<\/strong><\/p><p data-start=\"384\" data-end=\"506\"><strong data-start=\"384\" data-end=\"400\">\u0632\u06a9\u0648\u0670\u06c3 \u06a9\u06cc \u062d\u06cc\u062b\u06cc\u062a<\/strong><br data-start=\"400\" data-end=\"403\">\u0627\u067e\u0646\u06cc \u0632\u06a9\u0648\u0670\u06c3 \u06a9\u06cc \u062d\u06cc\u062b\u06cc\u062a \u06a9\u06d2 \u0628\u0627\u0631\u06d2 \u0645\u06cc\u06ba \u062c\u0627\u0646\u0646\u0627 \u0686\u0627\u06c1\u062a\u06d2 \u06c1\u06cc\u06ba\u061f <strong data-start=\"441\" data-end=\"506\">\u0628\u0633 &quot;\u0632\u06a9\u0648\u06c3&#8221; \u0679\u0627\u0626\u067e \u06a9\u0631\u06cc\u06ba\u06d4&lt; \u062c\u06af\u06c1&gt;&lt; \u0641\u0648\u0644\u06cc\u0648 \u0646\u0645\u0628\u0631&gt; \u0627\u0648\u0631 &quot;9300&#8221; \u067e\u0631 \u0628\u06be\u06cc\u062c\u06cc\u06ba<\/strong><\/p><p data-start=\"508\" data-end=\"626\"><strong data-start=\"508\" data-end=\"521\">\u06a9\u0627\u0644 \u0628\u06cc\u06a9<\/strong><br data-start=\"521\" data-end=\"524\">\u0646\u06c1\u06cc\u06ba \u062c\u0627\u0646\u062a\u06d2 \u06a9\u06c1 \u06a9\u06c1\u0627\u06ba \u0633\u0631\u0645\u0627\u06cc\u06c1 \u06a9\u0627\u0631\u06cc \u06a9\u0631\u0646\u06cc \u06c1\u06d2\u061f \u06c1\u0645\u0627\u0631\u06d2 \u0627\u0646\u0648\u06cc\u0633\u0679\u0645\u0646\u0679 \u0627\u06cc\u0688\u0648\u0627\u0626\u0632\u0631 \u0633\u06d2 \u06a9\u0627\u0644 \u0628\u06cc\u06a9 \u062d\u0627\u0635\u0644 \u06a9\u0631\u0646\u06d2 \u06a9\u06d2 \u0644\u06cc\u06d2 \u0628\u0633 &quot;\u0627\u0646\u0648\u0633\u0679&#8221; \u06a9\u0648 &quot;9300&#8221; \u067e\u0631 \u0627\u06cc\u0633 \u0627\u06cc\u0645 \u0627\u06cc\u0633 \u06a9\u0631\u06cc\u06ba\u06d4<\/p><p data-start=\"628\" data-end=\"659\"><em data-start=\"628\" data-end=\"659\">SMS \u06a9\u06cc\u0631\u06cc\u0626\u0631 \u0686\u0627\u0631\u062c\u0632 \u0644\u0627\u06af\u0648 \u06c1\u0648 \u0633\u06a9\u062a\u06d2 \u06c1\u06cc\u06ba\u06d4<\/em><\/p>\t\t\t\t\t\t\t\t<\/div>\n\t\t\t\t<\/div>\n\t\t\t\t<div class=\"elementor-element elementor-element-c724b36 elementor-widget elementor-widget-spacer\" data-id=\"c724b36\" data-element_type=\"widget\" data-widget_type=\"spacer.default\">\n\t\t\t\t<div class=\"elementor-widget-container\">\n\t\t\t\t\t\t\t<div class=\"elementor-spacer\">\r\n\t\t\t<div class=\"elementor-spacer-inner\"><\/div>\r\n\t\t<\/div>\r\n\t\t\t\t\t\t<\/div>\n\t\t\t\t<\/div>\n\t\t\t\t\t<\/div>\n\t\t<\/div>\n\t\t\t\t\t<\/div>\n\t\t<\/section>\n\t\t\t\t<\/div>\n\t\t","protected":false},"excerpt":{"rendered":"<p>\u00d8\u00a7\u00db\u0152\u00d8\u00b3 \u00d8\u00a7\u00db\u0152\u00d9\u2026 \u00d8\u00a7\u00db\u0152\u00d8\u00b3 \u00d8\u00b3\u00d8\u00b1\u00d9\u02c6\u00d8\u00b3\u00d8\u00b2 \u00db\u0081\u00d9\u2026\u00d8\u00a7\u00d8\u00b1\u00db\u0152 \u00d8\u00a7\u00db\u0152\u00d8\u00b3 \u00d8\u00a7\u00db\u0152\u00d9\u2026 \u00d8\u00a7\u00db\u0152\u00d8\u00b3 \u00d8\u00b3\u00d8\u00b1\u00d9\u02c6\u00d8\u00b3* \u00da\u00a9\u00db\u2019 \u00d8\u00b3\u00d8\u00a7\u00d8\u00aa\u00da\u00be\u00d8\u0152 \u00d8\u00a2\u00d9\u00be \u00d8\u00a7\u00d9\u00be\u00d9\u2020\u00db\u0152 \u00d8\u00b2\u00da\u00a9\u00d9\u02c6\u00d9\u00b0\u00db\u0192 \u00da\u00a9\u00db\u0152 \u00d8\u00ad\u00db\u0152\u00d8\u00ab\u00db\u0152\u00d8\u00aa \u00d8\u00a7\u00d9\u02c6\u00d8\u00b1 \u00d8\u00b3\u00d8\u00b1\u00d9\u2026\u00d8\u00a7\u00db\u0152\u00db\u0081 \u00da\u00a9\u00d8\u00a7\u00d8\u00b1\u00db\u0152 \u00d8\u00a7\u00da\u00a9\u00d8\u00a7\u00d8\u00a4\u00d9\u2020\u00d9\u00b9 \u00d8\u00b3\u00db\u2019 \u00d9\u2026\u00d8\u00aa\u00d8\u00b9\u00d9\u201e\u00d9\u201a [&hellip;]<\/p>\n","protected":false},"author":44,"featured_media":0,"parent":0,"menu_order":0,"comment_status":"closed","ping_status":"closed","template":"","meta":{"footnotes":""},"folder":[],"class_list":["post-25102","page","type-page","status-publish","hentry"],"_links":{"self":[{"href":"https:\/\/hblamc.troutinc.net\/ur\/wp-json\/wp\/v2\/pages\/25102","targetHints":{"allow":["GET"]}}],"collection":[{"href":"https:\/\/hblamc.troutinc.net\/ur\/wp-json\/wp\/v2\/pages"}],"about":[{"href":"https:\/\/hblamc.troutinc.net\/ur\/wp-json\/wp\/v2\/types\/page"}],"author":[{"embeddable":true,"href":"https:\/\/hblamc.troutinc.net\/ur\/wp-json\/wp\/v2\/users\/44"}],"replies":[{"embeddable":true,"href":"https:\/\/hblamc.troutinc.net\/ur\/wp-json\/wp\/v2\/comments?post=25102"}],"version-history":[{"count":1,"href":"https:\/\/hblamc.troutinc.net\/ur\/wp-json\/wp\/v2\/pages\/25102\/revisions"}],"predecessor-version":[{"id":25103,"href":"https:\/\/hblamc.troutinc.net\/ur\/wp-json\/wp\/v2\/pages\/25102\/revisions\/25103"}],"wp:attachment":[{"href":"https:\/\/hblamc.troutinc.net\/ur\/wp-json\/wp\/v2\/media?parent=25102"}],"wp:term":[{"taxonomy":"folder","embeddable":true,"href":"https:\/\/hblamc.troutinc.net\/ur\/wp-json\/wp\/v2\/folder?post=25102"}],"curies":[{"name":"wp","href":"https:\/\/api.w.org\/{rel}","templated":true}]}}