{"id":25112,"date":"2023-03-12T09:03:28","date_gmt":"2023-03-12T04:03:28","guid":{"rendered":"https:\/\/hblamc.troutinc.net\/%d8%b1%d8%a7%d8%b2%d8%af%d8%a7%d8%b1%db%8c-%da%a9%db%8c-%d9%be%d8%a7%d9%84%db%8c%d8%b3%db%8c\/"},"modified":"2025-07-07T11:34:16","modified_gmt":"2025-07-07T06:34:16","slug":"%d8%b1%d8%a7%d8%b2%d8%af%d8%a7%d8%b1%db%8c-%da%a9%db%8c-%d9%be%d8%a7%d9%84%db%8c%d8%b3%db%8c","status":"publish","type":"page","link":"https:\/\/hblamc.troutinc.net\/ur\/%d8%b1%d8%a7%d8%b2%d8%af%d8%a7%d8%b1%db%8c-%da%a9%db%8c-%d9%be%d8%a7%d9%84%db%8c%d8%b3%db%8c\/","title":{"rendered":"\u00d8\u00b1\u00d8\u00a7\u00d8\u00b2\u00d8\u00af\u00d8\u00a7\u00d8\u00b1\u00db\u0152 \u00da\u00a9\u00db\u0152 \u00d9\u00be\u00d8\u00a7\u00d9\u201e\u00db\u0152\u00d8\u00b3\u00db\u0152"},"content":{"rendered":"\t\t<div data-elementor-type=\"wp-page\" data-elementor-id=\"25112\" class=\"elementor elementor-25112 elementor-8096\" data-elementor-settings=\"{&quot;element_pack_global_tooltip_width&quot;:{&quot;unit&quot;:&quot;px&quot;,&quot;size&quot;:&quot;&quot;,&quot;sizes&quot;:[]},&quot;element_pack_global_tooltip_width_tablet&quot;:{&quot;unit&quot;:&quot;px&quot;,&quot;size&quot;:&quot;&quot;,&quot;sizes&quot;:[]},&quot;element_pack_global_tooltip_width_mobile&quot;:{&quot;unit&quot;:&quot;px&quot;,&quot;size&quot;:&quot;&quot;,&quot;sizes&quot;:[]},&quot;element_pack_global_tooltip_padding&quot;:{&quot;unit&quot;:&quot;px&quot;,&quot;top&quot;:&quot;&quot;,&quot;right&quot;:&quot;&quot;,&quot;bottom&quot;:&quot;&quot;,&quot;left&quot;:&quot;&quot;,&quot;isLinked&quot;:true},&quot;element_pack_global_tooltip_padding_tablet&quot;:{&quot;unit&quot;:&quot;px&quot;,&quot;top&quot;:&quot;&quot;,&quot;right&quot;:&quot;&quot;,&quot;bottom&quot;:&quot;&quot;,&quot;left&quot;:&quot;&quot;,&quot;isLinked&quot;:true},&quot;element_pack_global_tooltip_padding_mobile&quot;:{&quot;unit&quot;:&quot;px&quot;,&quot;top&quot;:&quot;&quot;,&quot;right&quot;:&quot;&quot;,&quot;bottom&quot;:&quot;&quot;,&quot;left&quot;:&quot;&quot;,&quot;isLinked&quot;:true},&quot;element_pack_global_tooltip_border_radius&quot;:{&quot;unit&quot;:&quot;px&quot;,&quot;top&quot;:&quot;&quot;,&quot;right&quot;:&quot;&quot;,&quot;bottom&quot;:&quot;&quot;,&quot;left&quot;:&quot;&quot;,&quot;isLinked&quot;:true},&quot;element_pack_global_tooltip_border_radius_tablet&quot;:{&quot;unit&quot;:&quot;px&quot;,&quot;top&quot;:&quot;&quot;,&quot;right&quot;:&quot;&quot;,&quot;bottom&quot;:&quot;&quot;,&quot;left&quot;:&quot;&quot;,&quot;isLinked&quot;:true},&quot;element_pack_global_tooltip_border_radius_mobile&quot;:{&quot;unit&quot;:&quot;px&quot;,&quot;top&quot;:&quot;&quot;,&quot;right&quot;:&quot;&quot;,&quot;bottom&quot;:&quot;&quot;,&quot;left&quot;:&quot;&quot;,&quot;isLinked&quot;:true}}\" data-elementor-post-type=\"page\">\n\t\t\t\t\t\t<section class=\"elementor-section elementor-top-section elementor-element elementor-element-68a4252 elementor-section-boxed elementor-section-height-default elementor-section-height-default\" data-id=\"68a4252\" data-element_type=\"section\">\n\t\t\t\t\t\t<div class=\"elementor-container elementor-column-gap-default\">\n\t\t\t\t\t<div class=\"elementor-column elementor-col-100 elementor-top-column elementor-element elementor-element-0292b9c\" data-id=\"0292b9c\" data-element_type=\"column\">\n\t\t\t<div class=\"elementor-widget-wrap elementor-element-populated\">\n\t\t\t\t\t\t<div class=\"elementor-element elementor-element-6f4582a elementor-widget elementor-widget-text-editor\" data-id=\"6f4582a\" data-element_type=\"widget\" data-widget_type=\"text-editor.default\">\n\t\t\t\t<div class=\"elementor-widget-container\">\n\t\t\t\t\t\t\t\t\t<p>\u06cc\u06c1 \u0631\u0627\u0632\u062f\u0627\u0631\u06cc \u067e\u0627\u0644\u06cc\u0633\u06cc \u0627\u06cc\u0686 \u0628\u06cc \u0627\u06cc\u0644 \u0627\u06cc\u0633\u06cc\u0679 \u0645\u06cc\u0646\u062c\u0645\u0646\u0679 \u0644\u0645\u06cc\u0679\u0688 \u06a9\u06cc \u0630\u0627\u062a\u06cc \u0645\u0639\u0644\u0648\u0645\u0627\u062a \u06cc\u0627 \u0630\u0627\u062a\u06cc \u0637\u0648\u0631 \u067e\u0631 \u0642\u0627\u0628\u0644 \u0634\u0646\u0627\u062e\u062a \u0645\u0639\u0644\u0648\u0645\u0627\u062a \u06a9\u0627 \u0627\u062d\u0627\u0637\u06c1 \u06a9\u0631\u062a\u06cc \u06c1\u06d2 \u062c\u0648 \u0648\u06cc\u0628 \u0627\u0633\u062a\u0639\u0645\u0627\u0644 \u06a9\u0646\u0646\u062f\u06c1 \u06a9\u06cc \u0627\u06cc\u0686 \u0628\u06cc \u0627\u06cc\u0644 \u0627\u06cc\u0633\u06cc\u0679 \u0645\u06cc\u0646\u062c\u0645\u0646\u0679 \u0644\u0645\u06cc\u0679\u0688 \u0648\u06cc\u0628 \u0633\u0627\u0626\u0679 \u06cc\u0627 \u062e\u062f\u0645\u0627\u062a \u0627\u0633\u062a\u0639\u0645\u0627\u0644 \u06a9\u0631\u062a\u06d2 \u0648\u0642\u062a \u062c\u0645\u0639 \u06a9\u06cc \u062c\u0627 \u0633\u06a9\u062a\u06cc \u06c1\u06d2\u06d4 \u062c\u0628 \u0622\u067e \u0627\u06cc\u0686 \u0628\u06cc \u0627\u06cc\u0644 \u0627\u06cc\u0633\u06cc\u0679 \u0645\u06cc\u0646\u062c\u0645\u0646\u0679 \u0644\u0645\u06cc\u0679\u0688 \u06a9\u06cc \u0648\u06cc\u0628 \u0633\u0627\u0626\u0679 \u0648\u0632\u0679 \u06a9\u0631\u062a\u06d2 \u06c1\u06cc\u06ba \u062a\u0648 \u0630\u0627\u062a\u06cc \u0645\u0639\u0644\u0648\u0645\u0627\u062a \u0628\u06be\u06cc \u062c\u0645\u0639 \u06a9\u06cc \u062c\u0627 \u0633\u06a9\u062a\u06cc \u06c1\u06cc\u06ba \u06cc\u0627 \u0622\u067e \u06a9\u0627 \u0622\u0626 \u067e\u06cc \u0627\u06cc\u0688\u0631\u06cc\u0633 \u0644\u0627\u06af \u06a9\u06cc\u0627 \u062c\u0627 \u0633\u06a9\u062a\u0627 \u06c1\u06d2\u06d4 \u0622\u067e \u06a9\u06cc IP \u0645\u0639\u0644\u0648\u0645\u0627\u062a \u06c1\u0645\u06cc\u06ba \u06cc\u06c1 \u0633\u0645\u062c\u06be\u0646\u06d2 \u06a9\u06cc \u0627\u062c\u0627\u0632\u062a \u062f\u06cc\u062a\u06cc \u06c1\u06cc\u06ba \u06a9\u06c1 \u0622\u067e \u06c1\u0645\u0627\u0631\u06cc \u0633\u0627\u0626\u0679 \u06a9\u0648 \u06a9\u0633 \u0637\u0631\u062d \u0627\u0633\u062a\u0639\u0645\u0627\u0644 \u06a9\u0631\u062a\u06d2 \u06c1\u06cc\u06ba \u0627\u0648\u0631 \u0622\u067e \u06a9\u06d2 \u062a\u062c\u0631\u0628\u06d2 \u06a9\u0648 \u0628\u06c1\u062a\u0631 \u0628\u0646\u0627\u0646\u06d2 \u06a9\u06d2 \u0644\u06cc\u06d2 \u06c1\u0645\u06cc\u06ba \u0627\u067e\u0646\u06cc \u0633\u0627\u0626\u0679 \u0645\u06cc\u06ba \u062a\u0628\u062f\u06cc\u0644\u06cc\u0627\u06ba \u06a9\u0631\u0646\u06d2 \u06a9\u06d2 \u0642\u0627\u0628\u0644 \u0628\u0646\u0627\u062a\u06d2 \u06c1\u06cc\u06ba\u06d4 \u0622\u067e \u06a9\u06cc \u0645\u0639\u0644\u0648\u0645\u0627\u062a \u06c1\u0645\u06cc\u06ba \u06cc\u06c1 \u0622\u0626 \u067e\u06cc \u0633\u0645\u062c\u06be\u0646\u06d2 \u06a9\u06cc \u0627\u062c\u0627\u0632\u062a \u062f\u06cc\u062a\u06cc \u06c1\u06cc\u06ba \u06a9\u06c1 \u0622\u067e \u06c1\u0645\u0627\u0631\u06cc \u0633\u0627\u0626\u0679 \u06a9\u0648 \u06a9\u0633 \u0637\u0631\u062d \u0627\u0633\u062a\u0639\u0645\u0627\u0644 \u06a9\u0631\u062a\u06d2 \u06c1\u06cc\u06ba \u0627\u0648\u0631 \u0622\u067e \u06a9\u06d2 \u062a\u062c\u0631\u0628\u06d2 \u06a9\u0648 \u0628\u06c1\u062a\u0631 \u0628\u0646\u0627\u0646\u06d2 \u06a9\u06d2 \u0644\u06cc\u06d2 \u06c1\u0645\u06cc\u06ba \u0627\u067e\u0646\u06cc \u0633\u0627\u0626\u0679 \u0645\u06cc\u06ba \u062a\u0628\u062f\u06cc\u0644\u06cc\u0627\u06ba \u06a9\u0631\u0646\u06d2 \u06a9\u06d2 \u0642\u0627\u0628\u0644 \u0628\u0646\u0627\u062a\u06d2 \u06c1\u06cc\u06ba\u06d4 \u0622\u067e \u06a9\u06d2 \u06a9\u0645\u067e\u06cc\u0648\u0679\u0631 \u0633\u06d2 \u0645\u062a\u0639\u0644\u0642 \u0645\u0639\u0644\u0648\u0645\u0627\u062a\u060c \u06c1\u0645\u0627\u0631\u06cc \u0648\u06cc\u0628 \u0633\u0627\u0626\u0679 \u0633\u06d2 \u0622\u067e \u06a9\u0627 \u06a9\u0646\u06a9\u0634\u0646 (\u062c\u06cc\u0633\u06d2 \u0622\u067e \u06a9\u06d2 \u0628\u0631\u0627\u0624\u0632\u0631 \u06a9\u06cc \u0642\u0633\u0645\u060c \u0622\u067e\u0631\u06cc\u0679\u0646\u06af \u0633\u0633\u0679\u0645\u060c \u0627\u0648\u0631 \u067e\u0644\u06cc\u0679 \u0641\u0627\u0631\u0645) \u0627\u0648\u0631 \u0622\u067e \u06a9\u06cc \u0635\u0627\u0631\u0641 \u06a9\u06cc \u062a\u0627\u0631\u06cc\u062e (\u0628\u0634\u0645\u0648\u0644\u060c \u0644\u06cc\u06a9\u0646 \u0627\u0646 \u062a\u06a9 \u0645\u062d\u062f\u0648\u062f \u0646\u06c1\u06cc\u06ba\u060c \u0622\u067e \u06a9\u06d2 \u0633\u06cc\u0634\u0646 \u06a9\u06cc \u0645\u0639\u0644\u0648\u0645\u0627\u062a\u060c \u0635\u0641\u062d\u06c1 \u06a9\u06cc \u063a\u0644\u0637\u06cc\u0627\u06ba \u0627\u0648\u0631 \u06c1\u0645\u0627\u0631\u06cc \u0648\u06cc\u0628 \u0633\u0627\u0626\u0679 \u06a9\u06d2 \u0645\u062e\u0635\u0648\u0635 \u0635\u0641\u062d\u0627\u062a \u067e\u0631 \u0622\u067e \u06a9\u06d2 \u0648\u0632\u0679 \u06a9\u0627 \u062f\u0648\u0631\u0627\u0646\u06cc\u06c1) \u0628\u06be\u06cc \u062c\u0645\u0639 \u06a9\u06cc \u062c\u0627 \u0633\u06a9\u062a\u06cc \u06c1\u06d2\u06d4<\/p><p>\u0627\u06af\u0631\u0686\u06c1 \u06cc\u06c1 \u067e\u0627\u0644\u06cc\u0633\u06cc \u0627\u06cc\u0686 \u0628\u06cc \u0627\u06cc\u0644 \u0627\u06cc\u0633\u06cc\u0679 \u0645\u06cc\u0646\u062c\u0645\u0646\u0679 \u0644\u0645\u06cc\u0679\u0688 \u06a9\u06d2 \u0632\u06cc\u0631 \u06a9\u0646\u0679\u0631\u0648\u0644 \u0627\u0648\u0631\u0645\u0644\u06a9\u06cc\u062a \u0648\u0627\u0644\u06d2 \u0645\u0648\u0627\u062f \u062a\u06a9 \u0631\u0633\u0627\u0626\u06cc \u06cc\u0627 \u0627\u0633\u062a\u0639\u0645\u0627\u0644 \u06a9\u0631\u0646\u06d2 \u06a9\u06d2 \u0645\u0642\u0635\u062f \u0633\u06d2 \u0622\u067e \u06a9\u06cc \u062d\u0627\u0635\u0644 \u06a9\u0631\u062f\u06c1 \u062a\u0645\u0627\u0645 \u0645\u0639\u0644\u0648\u0645\u0627\u062a \u067e\u0631 \u0644\u0627\u06af\u0648 \u06c1\u0648\u062a\u06cc \u06c1\u06d2\u060c \u0644\u06cc\u06a9\u0646 \u0627\u0633 \u06a9\u0627 \u0627\u0637\u0644\u0627\u0642 \u0627\u0646 \u06a9\u0627\u0631\u0648\u0628\u0627\u0631\u0648\u06ba \u06cc\u0627 \u0627\u062f\u0627\u0631\u0648\u06ba \u067e\u0631 \u0646\u06c1\u06cc\u06ba \u06c1\u0648\u062a\u0627 \u062c\u0648 \u06c1\u0645\u0627\u0631\u06cc \u0645\u0644\u06a9\u06cc\u062a \u06cc\u0627 \u06a9\u0646\u0679\u0631\u0648\u0644 \u0645\u06cc\u06ba \u0646\u06c1\u06cc\u06ba \u06c1\u06cc\u06ba\u06d4 \u0627\u0633 \u0648\u06cc\u0628 \u0633\u0627\u0626\u0679 \u0645\u06cc\u06ba \u062a\u06cc\u0633\u0631\u06cc \u067e\u0627\u0631\u0679\u06cc \u06a9\u06cc \u062f\u06cc\u06af\u0631 \u0648\u06cc\u0628 \u0633\u0627\u0626\u0679\u0633 \u06a9\u06d2 \u0644\u0646\u06a9\u0633 \u0634\u0627\u0645\u0644 \u06c1\u06cc\u06ba\u06d4 \u0628\u0631\u0627\u06c1 \u06a9\u0631\u0645 \u0622\u06af\u0627\u06c1 \u0631\u06c1\u06cc\u06ba \u06a9\u06c1 \u0627\u0646 \u062a\u06be\u0631\u0688 \u067e\u0627\u0631\u0679\u06cc \u0633\u0627\u0626\u0679\u0633 \u06a9\u06d2 \u0631\u0627\u0632\u062f\u0627\u0631\u06cc \u06a9\u06d2 \u0637\u0631\u06cc\u0642\u0648\u06ba \u06a9\u06cc \u06a9\u0648\u0626\u06cc \u0630\u0645\u06c1 \u062f\u0627\u0631\u06cc \u0642\u0628\u0648\u0644 \u0646\u06c1\u06cc\u06ba \u06a9\u06cc \u062c\u0627\u062a\u06cc\u06d4\u0628\u0631\u0627\u06c1 \u06a9\u0631\u0645 \u0622\u06af\u0627\u06c1 \u0631\u06c1\u06cc\u06ba \u06a9\u06c1 HBL Asset Management Ltd \u0627\u0646 \u062a\u06be\u0631\u0688 \u067e\u0627\u0631\u0679\u06cc \u0633\u0627\u0626\u0679\u0633 \u06a9\u06d2 \u0631\u0627\u0632\u062f\u0627\u0631\u06cc \u06a9\u06d2 \u0637\u0631\u06cc\u0642\u0648\u06ba \u06a9\u06cc \u06a9\u0648\u0626\u06cc \u0630\u0645\u06c1 \u062f\u0627\u0631\u06cc \u0642\u0628\u0648\u0644 \u0646\u06c1\u06cc\u06ba \u06a9\u0631\u062a\u0627 \u06c1\u06d2\u06d4 \u06c1\u0645 \u0622\u067e \u06a9\u06cc \u062d\u0648\u0635\u0644\u06c1 \u0627\u0641\u0632\u0627\u0626\u06cc \u06a9\u0631\u062a\u06d2 \u06c1\u06cc\u06ba \u06a9\u06c1 \u062c\u0628 \u0622\u067e \u06c1\u0645\u0627\u0631\u06cc \u0633\u0627\u0626\u0679 \u0686\u06be\u0648\u0691\u06cc\u06ba \u062a\u0648 \u0622\u06af\u0627\u06c1 \u0631\u06c1\u06cc\u06ba \u0627\u0648\u0631 \u062a\u06cc\u0633\u0631\u06cc \u067e\u0627\u0631\u0679\u06cc \u06a9\u06cc \u0648\u06cc\u0628 \u0633\u0627\u0626\u0679\u0633 \u067e\u0631 \u0627\u067e\u0646\u06cc \u0630\u0627\u062a\u06cc \u0637\u0648\u0631 \u067e\u0631 \u0642\u0627\u0628\u0644 \u0634\u0646\u0627\u062e\u062a \u0645\u0639\u0644\u0648\u0645\u0627\u062a \u0634\u0626\u06cc\u0631 \u06a9\u0631\u062a\u06d2 \u0648\u0642\u062a \u0645\u0646\u0627\u0633\u0628 \u0627\u062d\u062a\u06cc\u0627\u0637 \u0628\u0631\u062a\u06cc\u06ba\u06d4<\/p>\t\t\t\t\t\t\t\t<\/div>\n\t\t\t\t<\/div>\n\t\t\t\t\t<\/div>\n\t\t<\/div>\n\t\t\t\t\t<\/div>\n\t\t<\/section>\n\t\t\t\t<\/div>\n\t\t","protected":false},"excerpt":{"rendered":"<p>\u00db\u0152\u00db\u0081 \u00d8\u00b1\u00d8\u00a7\u00d8\u00b2\u00d8\u00af\u00d8\u00a7\u00d8\u00b1\u00db\u0152 \u00d9\u00be\u00d8\u00a7\u00d9\u201e\u00db\u0152\u00d8\u00b3\u00db\u0152 \u00d8\u00a7\u00db\u0152\u00da\u2020 \u00d8\u00a8\u00db\u0152 \u00d8\u00a7\u00db\u0152\u00d9\u201e \u00d8\u00a7\u00db\u0152\u00d8\u00b3\u00db\u0152\u00d9\u00b9 \u00d9\u2026\u00db\u0152\u00d9\u2020\u00d8\u00ac\u00d9\u2026\u00d9\u2020\u00d9\u00b9 \u00d9\u201e\u00d9\u2026\u00db\u0152\u00d9\u00b9\u00da\u02c6 \u00da\u00a9\u00db\u0152 \u00d8\u00b0\u00d8\u00a7\u00d8\u00aa\u00db\u0152 \u00d9\u2026\u00d8\u00b9\u00d9\u201e\u00d9\u02c6\u00d9\u2026\u00d8\u00a7\u00d8\u00aa \u00db\u0152\u00d8\u00a7 \u00d8\u00b0\u00d8\u00a7\u00d8\u00aa\u00db\u0152 \u00d8\u00b7\u00d9\u02c6\u00d8\u00b1 \u00d9\u00be\u00d8\u00b1 \u00d9\u201a\u00d8\u00a7\u00d8\u00a8\u00d9\u201e \u00d8\u00b4\u00d9\u2020\u00d8\u00a7\u00d8\u00ae\u00d8\u00aa \u00d9\u2026\u00d8\u00b9\u00d9\u201e\u00d9\u02c6\u00d9\u2026\u00d8\u00a7\u00d8\u00aa \u00da\u00a9\u00d8\u00a7 \u00d8\u00a7\u00d8\u00ad\u00d8\u00a7\u00d8\u00b7\u00db\u0081 \u00da\u00a9\u00d8\u00b1\u00d8\u00aa\u00db\u0152 [&hellip;]<\/p>\n","protected":false},"author":44,"featured_media":0,"parent":0,"menu_order":0,"comment_status":"closed","ping_status":"closed","template":"","meta":{"footnotes":""},"folder":[246],"class_list":["post-25112","page","type-page","status-publish","hentry"],"_links":{"self":[{"href":"https:\/\/hblamc.troutinc.net\/ur\/wp-json\/wp\/v2\/pages\/25112","targetHints":{"allow":["GET"]}}],"collection":[{"href":"https:\/\/hblamc.troutinc.net\/ur\/wp-json\/wp\/v2\/pages"}],"about":[{"href":"https:\/\/hblamc.troutinc.net\/ur\/wp-json\/wp\/v2\/types\/page"}],"author":[{"embeddable":true,"href":"https:\/\/hblamc.troutinc.net\/ur\/wp-json\/wp\/v2\/users\/44"}],"replies":[{"embeddable":true,"href":"https:\/\/hblamc.troutinc.net\/ur\/wp-json\/wp\/v2\/comments?post=25112"}],"version-history":[{"count":1,"href":"https:\/\/hblamc.troutinc.net\/ur\/wp-json\/wp\/v2\/pages\/25112\/revisions"}],"predecessor-version":[{"id":25113,"href":"https:\/\/hblamc.troutinc.net\/ur\/wp-json\/wp\/v2\/pages\/25112\/revisions\/25113"}],"wp:attachment":[{"href":"https:\/\/hblamc.troutinc.net\/ur\/wp-json\/wp\/v2\/media?parent=25112"}],"wp:term":[{"taxonomy":"folder","embeddable":true,"href":"https:\/\/hblamc.troutinc.net\/ur\/wp-json\/wp\/v2\/folder?post=25112"}],"curies":[{"name":"wp","href":"https:\/\/api.w.org\/{rel}","templated":true}]}}