{"id":25162,"date":"2023-02-18T21:53:39","date_gmt":"2023-02-18T16:53:39","guid":{"rendered":"https:\/\/hblamc.troutinc.net\/%d8%a8%da%86%d8%aa-%da%af%d8%a7%d8%a6%db%8c%da%88\/"},"modified":"2025-08-26T17:48:52","modified_gmt":"2025-08-26T12:48:52","slug":"%d8%a8%da%86%d8%aa-%da%af%d8%a7%d8%a6%db%8c%da%88","status":"publish","type":"page","link":"https:\/\/hblamc.troutinc.net\/ur\/%d8%a8%da%86%d8%aa-%da%af%d8%a7%d8%a6%db%8c%da%88\/","title":{"rendered":"\u00d8\u00a8\u00da\u2020\u00d8\u00aa \u00da\u00af\u00d8\u00a7\u00d8\u00a6\u00db\u0152\u00da\u02c6"},"content":{"rendered":"\t\t<div data-elementor-type=\"wp-page\" data-elementor-id=\"25162\" class=\"elementor elementor-25162 elementor-3748\" data-elementor-settings=\"{&quot;element_pack_global_tooltip_width&quot;:{&quot;unit&quot;:&quot;px&quot;,&quot;size&quot;:&quot;&quot;,&quot;sizes&quot;:[]},&quot;element_pack_global_tooltip_width_tablet&quot;:{&quot;unit&quot;:&quot;px&quot;,&quot;size&quot;:&quot;&quot;,&quot;sizes&quot;:[]},&quot;element_pack_global_tooltip_width_mobile&quot;:{&quot;unit&quot;:&quot;px&quot;,&quot;size&quot;:&quot;&quot;,&quot;sizes&quot;:[]},&quot;element_pack_global_tooltip_padding&quot;:{&quot;unit&quot;:&quot;px&quot;,&quot;top&quot;:&quot;&quot;,&quot;right&quot;:&quot;&quot;,&quot;bottom&quot;:&quot;&quot;,&quot;left&quot;:&quot;&quot;,&quot;isLinked&quot;:true},&quot;element_pack_global_tooltip_padding_tablet&quot;:{&quot;unit&quot;:&quot;px&quot;,&quot;top&quot;:&quot;&quot;,&quot;right&quot;:&quot;&quot;,&quot;bottom&quot;:&quot;&quot;,&quot;left&quot;:&quot;&quot;,&quot;isLinked&quot;:true},&quot;element_pack_global_tooltip_padding_mobile&quot;:{&quot;unit&quot;:&quot;px&quot;,&quot;top&quot;:&quot;&quot;,&quot;right&quot;:&quot;&quot;,&quot;bottom&quot;:&quot;&quot;,&quot;left&quot;:&quot;&quot;,&quot;isLinked&quot;:true},&quot;element_pack_global_tooltip_border_radius&quot;:{&quot;unit&quot;:&quot;px&quot;,&quot;top&quot;:&quot;&quot;,&quot;right&quot;:&quot;&quot;,&quot;bottom&quot;:&quot;&quot;,&quot;left&quot;:&quot;&quot;,&quot;isLinked&quot;:true},&quot;element_pack_global_tooltip_border_radius_tablet&quot;:{&quot;unit&quot;:&quot;px&quot;,&quot;top&quot;:&quot;&quot;,&quot;right&quot;:&quot;&quot;,&quot;bottom&quot;:&quot;&quot;,&quot;left&quot;:&quot;&quot;,&quot;isLinked&quot;:true},&quot;element_pack_global_tooltip_border_radius_mobile&quot;:{&quot;unit&quot;:&quot;px&quot;,&quot;top&quot;:&quot;&quot;,&quot;right&quot;:&quot;&quot;,&quot;bottom&quot;:&quot;&quot;,&quot;left&quot;:&quot;&quot;,&quot;isLinked&quot;:true}}\" data-elementor-post-type=\"page\">\n\t\t\t\t\t\t<section class=\"elementor-section elementor-top-section elementor-element elementor-element-7b97596 elementor-section-boxed elementor-section-height-default elementor-section-height-default\" data-id=\"7b97596\" data-element_type=\"section\">\n\t\t\t\t\t\t<div class=\"elementor-container elementor-column-gap-default\">\n\t\t\t\t\t<div class=\"elementor-column elementor-col-100 elementor-top-column elementor-element elementor-element-ca33c44\" data-id=\"ca33c44\" data-element_type=\"column\">\n\t\t\t<div class=\"elementor-widget-wrap elementor-element-populated\">\n\t\t\t\t\t\t<div class=\"elementor-element elementor-element-9c97354 elementor-widget elementor-widget-image\" data-id=\"9c97354\" data-element_type=\"widget\" data-widget_type=\"image.default\">\n\t\t\t\t<div class=\"elementor-widget-container\">\n\t\t\t\t\t\t\t\t\t\t\t\t\t\t\t<img fetchpriority=\"high\" decoding=\"async\" width=\"768\" height=\"308\" src=\"https:\/\/hblamc.troutinc.net\/wp-content\/uploads\/2023\/02\/How-to-Invest-768x308.png\" class=\"attachment-medium_large size-medium_large wp-image-3750\" alt=\"\" srcset=\"https:\/\/hblamc.troutinc.net\/wp-content\/uploads\/2023\/02\/How-to-Invest-768x308.png 768w, https:\/\/hblamc.troutinc.net\/wp-content\/uploads\/2023\/02\/How-to-Invest-300x120.png 300w, https:\/\/hblamc.troutinc.net\/wp-content\/uploads\/2023\/02\/How-to-Invest-1024x410.png 1024w, https:\/\/hblamc.troutinc.net\/wp-content\/uploads\/2023\/02\/How-to-Invest-650x261.png 650w, https:\/\/hblamc.troutinc.net\/wp-content\/uploads\/2023\/02\/How-to-Invest.png 1200w\" sizes=\"(max-width: 768px) 100vw, 768px\" \/>\t\t\t\t\t\t\t\t\t\t\t\t\t\t\t<\/div>\n\t\t\t\t<\/div>\n\t\t\t\t<div class=\"elementor-element elementor-element-ad1b989 elementor-invisible elementor-widget elementor-widget-text-editor\" data-id=\"ad1b989\" data-element_type=\"widget\" data-settings=\"{&quot;_animation&quot;:&quot;fadeInUp&quot;,&quot;_animation_delay&quot;:600}\" data-widget_type=\"text-editor.default\">\n\t\t\t\t<div class=\"elementor-widget-container\">\n\t\t\t\t\t\t\t\t\t<p>\u0627\u06cc\u0686 \u0628\u06cc \u0627\u06cc\u0644 \u0627\u06cc\u0633\u0679 \u0645\u0646\u062c\u0645\u0646\u0679 \u0644\u0645\u06cc\u0679\u0688 \u06a9\u06d2 \u0633\u0627\u062a\u06be \u0633\u0631\u0645\u0627\u06cc\u06c1 \u06a9\u0627\u0631\u06cc \u06a9\u0631\u0646\u0627 \u0627\u062a\u0646\u0627 \u0622\u0633\u0627\u0646 \u06a9\u0628\u06be\u06cc \u0646\u06c1\u06cc\u06ba \u062a\u06be\u0627\u06d4 \u06c1\u0645\u0627\u0631\u06d2 \u0633\u0627\u062a\u06be \u0633\u0631\u0645\u0627\u06cc\u06c1 \u06a9\u0627\u0631\u06cc \u0634\u0631\u0648\u0639 \u06a9\u0631\u0646\u06d2 \u06a9\u06d2 \u0644\u06cc\u06d2 \u062f\u0631\u062c \u0630\u06cc\u0644 \u0645\u0631\u0627\u062d\u0644 \u067e\u0631 \u0639\u0645\u0644 \u06a9\u0631\u06cc\u06ba:<\/p><ul><li><p>\u06c1\u0645\u0627\u0631\u06d2 <a href=\"https:\/\/hblamc.troutinc.net\/ur\/%d8%b1%d8%b3%da%a9-%d9%be%d8%b1%d9%88%d9%81%d8%a7%d8%a6%d9%84%d8%b1\/\">\u0631\u0633\u06a9 \u0627\u0633\u0633\u0645\u0646\u0679 \u0633\u0648\u0627\u0644\u0646\u0627\u0645\u06d2<\/a> \u06a9\u0648 \u067e\u064f\u0631 \u06a9\u0631\u06a9\u06d2 \u0627\u067e\u0646\u06cc \u062e\u0637\u0631\u06d2 \u0633\u06d2 \u0646\u0645\u0679\u0646\u06d2 \u06a9\u06cc \u0635\u0644\u0627\u062d\u06cc\u062a \u06a9\u0627 \u0627\u0646\u062f\u0627\u0632\u0627 \u0644\u06af\u0627\u0626\u06cc\u06ba\u06d4 \u0646\u062a\u06cc\u062c\u06c1, \u0628\u06c1\u062a\u0631\u06cc\u0646 \u0633\u0631\u0645\u0627\u06cc\u06c1 \u06a9\u0627\u0631\u06cc \u06a9\u06cc \u062d\u06a9\u0645\u062a \u0639\u0645\u0644\u06cc \u0627\u067e\u0646\u0627\u0646\u06d2 \u06a9\u06cc \u0633\u0641\u0627\u0631\u0634 \u06a9\u0631\u06d2 \u06af\u0627\u06d4<\/p><\/li><li><p>\u06c1\u0645\u0627\u0631\u06cc \u0648\u06cc\u0628 \u0633\u0627\u0626\u0679 \u067e\u0631 \u062f\u0633\u062a\u06cc\u0627\u0628 <a href=\"https:\/\/hblamc.troutinc.net\/assets\/uploads\/2017\/08\/Individual-Account-Opening-Form.pdf\">\u0627\u06a9\u0627\u0624\u0646\u0679 \u06a9\u06be\u0648\u0644\u0646\u06d2<\/a> \u0627\u0648\u0631 \u0633\u0631\u0645\u0627\u06cc\u06c1 \u06a9\u0627\u0631\u06cc \u06a9\u06d2 \u0641\u0627\u0631\u0645 \u0688\u0627\u0624\u0646 \u0644\u0648\u0688 \u06a9\u0631\u06cc\u06ba \u0627\u0648\u0631 \u067e\u064f\u0631 \u06a9\u0631\u06cc\u06ba\u06d4<\/p><\/li><li>\u0627\u067e\u0646\u06d2 \u0641\u0627\u0631\u0645 \u0627\u067e\u0646\u06d2 \u0633\u0631\u0645\u0627\u06cc\u06c1 \u06a9\u0627\u0631\u06cc \u06a9\u06d2 \u0686\u06cc\u06a9 \u0627\u0648\u0631 \u0645\u0637\u0644\u0648\u0628\u06c1 \u062f\u0633\u062a\u0627\u0648\u06cc\u0632\u0627\u062a \u06a9\u06d2 \u0633\u0627\u062a\u06be \u06c1\u0645\u0627\u0631\u06d2 \u0639\u0644\u0627\u0642\u0627\u0626\u06cc \u062f\u0641\u062a\u0631 \u0645\u06cc\u06ba \u0688\u06cc\u0644\u06cc\u0648\u0631 \u06a9\u0631\u06cc\u06ba \u06cc\u0627 \u06c1\u0645\u0627\u0631\u06d2 \u06c1\u06cc\u0688 \u0622\u0641\u0633 \u06a9\u0648 \u0628\u06be\u06cc\u062c\u06cc\u06ba\u06d4<\/li><li>\u062a\u062c\u0648\u06cc\u0632 \u06a9\u0631\u062f\u06c1 \u0633\u0631\u0645\u0627\u06cc\u06c1 \u06a9\u0627\u0631\u06cc \u06a9\u06cc \u062d\u06a9\u0645\u062a \u0639\u0645\u0644\u06cc \u06a9\u06d2 \u0628\u0627\u0631\u06d2 \u0645\u06cc\u06ba \u0645\u0632\u06cc\u062f \u062c\u0627\u0646\u0646\u06d2 \u06a9\u06d2 \u0644\u06cc\u06d2 (021) 111-425-262 \u067e\u0631 \u06c1\u0645\u0627\u0631\u06d2 \u0633\u0631\u0645\u0627\u06cc\u06c1 \u06a9\u0627\u0631\u06cc \u06a9\u06d2 \u0633\u06c1\u0648\u0644\u062a \u06a9\u0627\u0631 \u0633\u06d2 \u0631\u0627\u0628\u0637\u06c1 \u06a9\u0631\u06cc\u06ba\u06d4<\/li><li>\u0646\u06c1\u06cc\u06ba \u062c\u0627\u0646\u062a\u06d2 \u06a9\u06c1 \u06a9\u06c1\u0627\u06ba \u0633\u0631\u0645\u0627\u06cc\u06c1 \u06a9\u0627\u0631\u06cc \u06a9\u0631\u0646\u06cc \u06c1\u06d2\u061f \u06c1\u0645\u0627\u0631\u06d2 \u0627\u0646\u0648\u06cc\u0633\u0679\u0645\u0646\u0679 \u0627\u06cc\u0688\u0648\u0627\u0626\u0632\u0631 \u0633\u06d2 \u06a9\u0627\u0644 \u0628\u06cc\u06a9 \u062d\u0627\u0635\u0644 \u06a9\u0631\u0646\u06d2 \u06a9\u06d2 \u0644\u06cc\u06d2 \u0628\u0633 &#8216;\u0627\u0646\u0648\u0633\u0679&#8217; \u06a9\u0648 &quot;9300\u2033 \u067e\u0631 \u0627\u06cc\u0633 \u0627\u06cc\u0645 \u0627\u06cc\u0633 \u06a9\u0631\u06cc\u06ba\u06d4<\/li><\/ul>\t\t\t\t\t\t\t\t<\/div>\n\t\t\t\t<\/div>\n\t\t\t\t<div class=\"elementor-element elementor-element-76d070b elementor-position-left elementor-widget__width-auto elementor-mobile-position-left elementor-widget-mobile__width-inherit elementor-view-default elementor-vertical-align-top elementor-widget elementor-widget-icon-box\" data-id=\"76d070b\" data-element_type=\"widget\" data-widget_type=\"icon-box.default\">\n\t\t\t\t<div class=\"elementor-widget-container\">\n\t\t\t\t\t\t\t<div class=\"elementor-icon-box-wrapper\">\n\n\t\t\t\t\t\t<div class=\"elementor-icon-box-icon\">\n\t\t\t\t<a href=\"https:\/\/hblamc.troutinc.net\/assets\/uploads\/2017\/07\/ExternalLink_Mutual_Fund_Guide.pdf\" target=\"_blank\" rel=\"nofollow\" class=\"elementor-icon\" tabindex=\"-1\" aria-label=\"\u0645\u06cc\u0648\u0686\u0644 \u0641\u0646\u0688 \u06af\u0627\u0626\u06cc\u0688  \">\n\t\t\t\t<i aria-hidden=\"true\" class=\"fas fa-file-download\"><\/i>\t\t\t\t<\/a>\n\t\t\t<\/div>\n\t\t\t\n\t\t\t\t\t\t<div class=\"elementor-icon-box-content\">\n\n\t\t\t\t\t\t\t\t\t<h5 class=\"elementor-icon-box-title\">\n\t\t\t\t\t\t<a href=\"https:\/\/hblamc.troutinc.net\/assets\/uploads\/2017\/07\/ExternalLink_Mutual_Fund_Guide.pdf\" target=\"_blank\" rel=\"nofollow\" >\n\t\t\t\t\t\t\t\u0645\u06cc\u0648\u0686\u0644 \u0641\u0646\u0688 \u06af\u0627\u0626\u06cc\u0688  \t\t\t\t\t\t<\/a>\n\t\t\t\t\t<\/h5>\n\t\t\t\t\n\t\t\t\t\t\t\t\t\t<p class=\"elementor-icon-box-description\">\n\t\t\t\t\t\t\u0688\u0627\u0624\u0646 \u0644\u0648\u0688 \u06a9\u0631\u06cc\u06ba\u06d4\t\t\t\t\t<\/p>\n\t\t\t\t\n\t\t\t<\/div>\n\t\t\t\n\t\t<\/div>\n\t\t\t\t\t\t<\/div>\n\t\t\t\t<\/div>\n\t\t\t\t<div class=\"elementor-element elementor-element-a2fc51f elementor-position-left elementor-widget__width-auto elementor-mobile-position-left elementor-widget-mobile__width-inherit elementor-view-default elementor-vertical-align-top elementor-widget elementor-widget-icon-box\" data-id=\"a2fc51f\" data-element_type=\"widget\" data-widget_type=\"icon-box.default\">\n\t\t\t\t<div class=\"elementor-widget-container\">\n\t\t\t\t\t\t\t<div class=\"elementor-icon-box-wrapper\">\n\n\t\t\t\t\t\t<div class=\"elementor-icon-box-icon\">\n\t\t\t\t<a href=\"https:\/\/hblamc.troutinc.net\/assets\/uploads\/2017\/07\/ExternalLink_Voluntary_Pension_System_VPS.pdf\" target=\"_blank\" rel=\"nofollow\" class=\"elementor-icon\" tabindex=\"-1\" aria-label=\"\u0631\u0636\u0627\u06a9\u0627\u0631\u0627\u0646\u06c1 \u067e\u0646\u0634\u0646 \u0633\u0633\u0679\u0645 (VPS)  \">\n\t\t\t\t<i aria-hidden=\"true\" class=\"fas fa-file-download\"><\/i>\t\t\t\t<\/a>\n\t\t\t<\/div>\n\t\t\t\n\t\t\t\t\t\t<div class=\"elementor-icon-box-content\">\n\n\t\t\t\t\t\t\t\t\t<h5 class=\"elementor-icon-box-title\">\n\t\t\t\t\t\t<a href=\"https:\/\/hblamc.troutinc.net\/assets\/uploads\/2017\/07\/ExternalLink_Voluntary_Pension_System_VPS.pdf\" target=\"_blank\" rel=\"nofollow\" >\n\t\t\t\t\t\t\t\u0631\u0636\u0627\u06a9\u0627\u0631\u0627\u0646\u06c1 \u067e\u0646\u0634\u0646 \u0633\u0633\u0679\u0645 (VPS)  \t\t\t\t\t\t<\/a>\n\t\t\t\t\t<\/h5>\n\t\t\t\t\n\t\t\t\t\t\t\t\t\t<p class=\"elementor-icon-box-description\">\n\t\t\t\t\t\t\u0688\u0627\u0624\u0646 \u0644\u0648\u0688 \u06a9\u0631\u06cc\u06ba\u06d4\t\t\t\t\t<\/p>\n\t\t\t\t\n\t\t\t<\/div>\n\t\t\t\n\t\t<\/div>\n\t\t\t\t\t\t<\/div>\n\t\t\t\t<\/div>\n\t\t\t\t\t<\/div>\n\t\t<\/div>\n\t\t\t\t\t<\/div>\n\t\t<\/section>\n\t\t\t\t<\/div>\n\t\t","protected":false},"excerpt":{"rendered":"<p>\u00d8\u00a7\u00db\u0152\u00da\u2020 \u00d8\u00a8\u00db\u0152 \u00d8\u00a7\u00db\u0152\u00d9\u201e \u00d8\u00a7\u00db\u0152\u00d8\u00b3\u00d9\u00b9 \u00d9\u2026\u00d9\u2020\u00d8\u00ac\u00d9\u2026\u00d9\u2020\u00d9\u00b9 \u00d9\u201e\u00d9\u2026\u00db\u0152\u00d9\u00b9\u00da\u02c6 \u00da\u00a9\u00db\u2019 \u00d8\u00b3\u00d8\u00a7\u00d8\u00aa\u00da\u00be \u00d8\u00b3\u00d8\u00b1\u00d9\u2026\u00d8\u00a7\u00db\u0152\u00db\u0081 \u00da\u00a9\u00d8\u00a7\u00d8\u00b1\u00db\u0152 \u00da\u00a9\u00d8\u00b1\u00d9\u2020\u00d8\u00a7 \u00d8\u00a7\u00d8\u00aa\u00d9\u2020\u00d8\u00a7 \u00d8\u00a2\u00d8\u00b3\u00d8\u00a7\u00d9\u2020 \u00da\u00a9\u00d8\u00a8\u00da\u00be\u00db\u0152 \u00d9\u2020\u00db\u0081\u00db\u0152\u00da\u00ba \u00d8\u00aa\u00da\u00be\u00d8\u00a7\u00db\u201d \u00db\u0081\u00d9\u2026\u00d8\u00a7\u00d8\u00b1\u00db\u2019 \u00d8\u00b3\u00d8\u00a7\u00d8\u00aa\u00da\u00be \u00d8\u00b3\u00d8\u00b1\u00d9\u2026\u00d8\u00a7\u00db\u0152\u00db\u0081 \u00da\u00a9\u00d8\u00a7\u00d8\u00b1\u00db\u0152 \u00d8\u00b4\u00d8\u00b1\u00d9\u02c6\u00d8\u00b9 \u00da\u00a9\u00d8\u00b1\u00d9\u2020\u00db\u2019 [&hellip;]<\/p>\n","protected":false},"author":44,"featured_media":0,"parent":0,"menu_order":0,"comment_status":"closed","ping_status":"closed","template":"","meta":{"footnotes":""},"folder":[247],"class_list":["post-25162","page","type-page","status-publish","hentry"],"_links":{"self":[{"href":"https:\/\/hblamc.troutinc.net\/ur\/wp-json\/wp\/v2\/pages\/25162","targetHints":{"allow":["GET"]}}],"collection":[{"href":"https:\/\/hblamc.troutinc.net\/ur\/wp-json\/wp\/v2\/pages"}],"about":[{"href":"https:\/\/hblamc.troutinc.net\/ur\/wp-json\/wp\/v2\/types\/page"}],"author":[{"embeddable":true,"href":"https:\/\/hblamc.troutinc.net\/ur\/wp-json\/wp\/v2\/users\/44"}],"replies":[{"embeddable":true,"href":"https:\/\/hblamc.troutinc.net\/ur\/wp-json\/wp\/v2\/comments?post=25162"}],"version-history":[{"count":1,"href":"https:\/\/hblamc.troutinc.net\/ur\/wp-json\/wp\/v2\/pages\/25162\/revisions"}],"predecessor-version":[{"id":25163,"href":"https:\/\/hblamc.troutinc.net\/ur\/wp-json\/wp\/v2\/pages\/25162\/revisions\/25163"}],"wp:attachment":[{"href":"https:\/\/hblamc.troutinc.net\/ur\/wp-json\/wp\/v2\/media?parent=25162"}],"wp:term":[{"taxonomy":"folder","embeddable":true,"href":"https:\/\/hblamc.troutinc.net\/ur\/wp-json\/wp\/v2\/folder?post=25162"}],"curies":[{"name":"wp","href":"https:\/\/api.w.org\/{rel}","templated":true}]}}